{"id":2,"date":"2024-03-10T11:48:17","date_gmt":"2024-03-10T14:48:17","guid":{"rendered":"https:\/\/aldemar.com.br\/?page_id=2"},"modified":"2026-01-07T16:22:43","modified_gmt":"2026-01-07T19:22:43","slug":"pagina-exemplo","status":"publish","type":"page","link":"https:\/\/www.aldemar.com.br\/","title":{"rendered":"Home"},"content":{"rendered":"\t\t<div data-elementor-type=\"wp-page\" data-elementor-id=\"2\" class=\"elementor elementor-2\">\n\t\t\t\t<div class=\"elementor-element elementor-element-d02f5f6 e-flex e-con-boxed e-con e-parent\" data-id=\"d02f5f6\" data-element_type=\"container\" data-e-type=\"container\" data-settings=\"{&quot;background_background&quot;:&quot;classic&quot;}\">\n\t\t\t\t\t<div class=\"e-con-inner\">\n\t\t<div class=\"elementor-element elementor-element-315062c e-con-full e-flex e-con e-child\" data-id=\"315062c\" data-element_type=\"container\" data-e-type=\"container\">\n\t\t\t\t<div class=\"elementor-element elementor-element-eb35e53 elementor-view-default elementor-position-block-start elementor-mobile-position-block-start elementor-widget elementor-widget-icon-box\" data-id=\"eb35e53\" data-element_type=\"widget\" data-e-type=\"widget\" data-widget_type=\"icon-box.default\">\n\t\t\t\t<div class=\"elementor-widget-container\">\n\t\t\t\t\t\t\t<div class=\"elementor-icon-box-wrapper\">\n\n\t\t\t\t\t\t<div class=\"elementor-icon-box-icon\">\n\t\t\t\t<span  class=\"elementor-icon\">\n\t\t\t\t<svg aria-hidden=\"true\" class=\"e-font-icon-svg e-fas-user\" viewBox=\"0 0 448 512\" xmlns=\"http:\/\/www.w3.org\/2000\/svg\"><path d=\"M224 256c70.7 0 128-57.3 128-128S294.7 0 224 0 96 57.3 96 128s57.3 128 128 128zm89.6 32h-16.7c-22.2 10.2-46.9 16-72.9 16s-50.6-5.8-72.9-16h-16.7C60.2 288 0 348.2 0 422.4V464c0 26.5 21.5 48 48 48h352c26.5 0 48-21.5 48-48v-41.6c0-74.2-60.2-134.4-134.4-134.4z\"><\/path><\/svg>\t\t\t\t<\/span>\n\t\t\t<\/div>\n\t\t\t\n\t\t\t\t\t\t<div class=\"elementor-icon-box-content\">\n\n\t\t\t\t\t\t\t\t\t<h3 class=\"elementor-icon-box-title\">\n\t\t\t\t\t\t<span  >\n\t\t\t\t\t\t\tAtendimento\t\t\t\t\t\t<\/span>\n\t\t\t\t\t<\/h3>\n\t\t\t\t\n\t\t\t\t\t\t\t\t\t<p class=\"elementor-icon-box-description\">\n\t\t\t\t\t\tAtendemos nossos clientes com padr\u00e3o e qualidade.\n\t\t\t\t\t<\/p>\n\t\t\t\t\n\t\t\t<\/div>\n\t\t\t\n\t\t<\/div>\n\t\t\t\t\t\t<\/div>\n\t\t\t\t<\/div>\n\t\t\t\t<\/div>\n\t\t<div class=\"elementor-element elementor-element-c6c9464 e-con-full e-flex e-con e-child\" data-id=\"c6c9464\" data-element_type=\"container\" data-e-type=\"container\">\n\t\t\t\t<div class=\"elementor-element elementor-element-f806460 elementor-view-default elementor-position-block-start elementor-mobile-position-block-start elementor-widget elementor-widget-icon-box\" data-id=\"f806460\" data-element_type=\"widget\" data-e-type=\"widget\" data-widget_type=\"icon-box.default\">\n\t\t\t\t<div class=\"elementor-widget-container\">\n\t\t\t\t\t\t\t<div class=\"elementor-icon-box-wrapper\">\n\n\t\t\t\t\t\t<div class=\"elementor-icon-box-icon\">\n\t\t\t\t<span  class=\"elementor-icon\">\n\t\t\t\t<svg aria-hidden=\"true\" class=\"e-font-icon-svg e-fas-cog\" viewBox=\"0 0 512 512\" xmlns=\"http:\/\/www.w3.org\/2000\/svg\"><path d=\"M487.4 315.7l-42.6-24.6c4.3-23.2 4.3-47 0-70.2l42.6-24.6c4.9-2.8 7.1-8.6 5.5-14-11.1-35.6-30-67.8-54.7-94.6-3.8-4.1-10-5.1-14.8-2.3L380.8 110c-17.9-15.4-38.5-27.3-60.8-35.1V25.8c0-5.6-3.9-10.5-9.4-11.7-36.7-8.2-74.3-7.8-109.2 0-5.5 1.2-9.4 6.1-9.4 11.7V75c-22.2 7.9-42.8 19.8-60.8 35.1L88.7 85.5c-4.9-2.8-11-1.9-14.8 2.3-24.7 26.7-43.6 58.9-54.7 94.6-1.7 5.4.6 11.2 5.5 14L67.3 221c-4.3 23.2-4.3 47 0 70.2l-42.6 24.6c-4.9 2.8-7.1 8.6-5.5 14 11.1 35.6 30 67.8 54.7 94.6 3.8 4.1 10 5.1 14.8 2.3l42.6-24.6c17.9 15.4 38.5 27.3 60.8 35.1v49.2c0 5.6 3.9 10.5 9.4 11.7 36.7 8.2 74.3 7.8 109.2 0 5.5-1.2 9.4-6.1 9.4-11.7v-49.2c22.2-7.9 42.8-19.8 60.8-35.1l42.6 24.6c4.9 2.8 11 1.9 14.8-2.3 24.7-26.7 43.6-58.9 54.7-94.6 1.5-5.5-.7-11.3-5.6-14.1zM256 336c-44.1 0-80-35.9-80-80s35.9-80 80-80 80 35.9 80 80-35.9 80-80 80z\"><\/path><\/svg>\t\t\t\t<\/span>\n\t\t\t<\/div>\n\t\t\t\n\t\t\t\t\t\t<div class=\"elementor-icon-box-content\">\n\n\t\t\t\t\t\t\t\t\t<h3 class=\"elementor-icon-box-title\">\n\t\t\t\t\t\t<span  >\n\t\t\t\t\t\t\tTradi\u00e7\u00e3o\t\t\t\t\t\t<\/span>\n\t\t\t\t\t<\/h3>\n\t\t\t\t\n\t\t\t\t\t\t\t\t\t<p class=\"elementor-icon-box-description\">\n\t\t\t\t\t\tTrabalhamos a mais de 25 anos no mercado de fabrica\u00e7\u00e3o de pe\u00e7as.\n\t\t\t\t\t<\/p>\n\t\t\t\t\n\t\t\t<\/div>\n\t\t\t\n\t\t<\/div>\n\t\t\t\t\t\t<\/div>\n\t\t\t\t<\/div>\n\t\t\t\t<\/div>\n\t\t<div class=\"elementor-element elementor-element-27a837a e-con-full e-flex e-con e-child\" data-id=\"27a837a\" data-element_type=\"container\" data-e-type=\"container\">\n\t\t\t\t<div class=\"elementor-element elementor-element-396b70e elementor-view-default elementor-position-block-start elementor-mobile-position-block-start elementor-widget elementor-widget-icon-box\" data-id=\"396b70e\" data-element_type=\"widget\" data-e-type=\"widget\" data-widget_type=\"icon-box.default\">\n\t\t\t\t<div class=\"elementor-widget-container\">\n\t\t\t\t\t\t\t<div class=\"elementor-icon-box-wrapper\">\n\n\t\t\t\t\t\t<div class=\"elementor-icon-box-icon\">\n\t\t\t\t<span  class=\"elementor-icon\">\n\t\t\t\t<svg aria-hidden=\"true\" class=\"e-font-icon-svg e-fas-tv\" viewBox=\"0 0 640 512\" xmlns=\"http:\/\/www.w3.org\/2000\/svg\"><path d=\"M592 0H48A48 48 0 0 0 0 48v320a48 48 0 0 0 48 48h240v32H112a16 16 0 0 0-16 16v32a16 16 0 0 0 16 16h416a16 16 0 0 0 16-16v-32a16 16 0 0 0-16-16H352v-32h240a48 48 0 0 0 48-48V48a48 48 0 0 0-48-48zm-16 352H64V64h512z\"><\/path><\/svg>\t\t\t\t<\/span>\n\t\t\t<\/div>\n\t\t\t\n\t\t\t\t\t\t<div class=\"elementor-icon-box-content\">\n\n\t\t\t\t\t\t\t\t\t<h3 class=\"elementor-icon-box-title\">\n\t\t\t\t\t\t<span  >\n\t\t\t\t\t\t\tModernidade\t\t\t\t\t\t<\/span>\n\t\t\t\t\t<\/h3>\n\t\t\t\t\n\t\t\t\t\t\t\t\t\t<p class=\"elementor-icon-box-description\">\n\t\t\t\t\t\tTamb\u00e9m estamos presentes no mercado online.\t\t\t\t\t<\/p>\n\t\t\t\t\n\t\t\t<\/div>\n\t\t\t\n\t\t<\/div>\n\t\t\t\t\t\t<\/div>\n\t\t\t\t<\/div>\n\t\t\t\t<\/div>\n\t\t<div class=\"elementor-element elementor-element-3b9431b e-con-full e-flex e-con e-child\" data-id=\"3b9431b\" data-element_type=\"container\" data-e-type=\"container\">\n\t\t\t\t<div class=\"elementor-element elementor-element-9b9a620 elementor-view-default elementor-position-block-start elementor-mobile-position-block-start elementor-widget elementor-widget-icon-box\" data-id=\"9b9a620\" data-element_type=\"widget\" data-e-type=\"widget\" data-widget_type=\"icon-box.default\">\n\t\t\t\t<div class=\"elementor-widget-container\">\n\t\t\t\t\t\t\t<div class=\"elementor-icon-box-wrapper\">\n\n\t\t\t\t\t\t<div class=\"elementor-icon-box-icon\">\n\t\t\t\t<span  class=\"elementor-icon\">\n\t\t\t\t<svg aria-hidden=\"true\" class=\"e-font-icon-svg e-fas-truck-moving\" viewBox=\"0 0 640 512\" xmlns=\"http:\/\/www.w3.org\/2000\/svg\"><path d=\"M621.3 237.3l-58.5-58.5c-12-12-28.3-18.7-45.3-18.7H480V64c0-17.7-14.3-32-32-32H32C14.3 32 0 46.3 0 64v336c0 44.2 35.8 80 80 80 26.3 0 49.4-12.9 64-32.4 14.6 19.6 37.7 32.4 64 32.4 44.2 0 80-35.8 80-80 0-5.5-.6-10.8-1.6-16h163.2c-1.1 5.2-1.6 10.5-1.6 16 0 44.2 35.8 80 80 80s80-35.8 80-80c0-5.5-.6-10.8-1.6-16H624c8.8 0 16-7.2 16-16v-85.5c0-17-6.7-33.2-18.7-45.2zM80 432c-17.6 0-32-14.4-32-32s14.4-32 32-32 32 14.4 32 32-14.4 32-32 32zm128 0c-17.6 0-32-14.4-32-32s14.4-32 32-32 32 14.4 32 32-14.4 32-32 32zm272-224h37.5c4.3 0 8.3 1.7 11.3 4.7l43.3 43.3H480v-48zm48 224c-17.6 0-32-14.4-32-32s14.4-32 32-32 32 14.4 32 32-14.4 32-32 32z\"><\/path><\/svg>\t\t\t\t<\/span>\n\t\t\t<\/div>\n\t\t\t\n\t\t\t\t\t\t<div class=\"elementor-icon-box-content\">\n\n\t\t\t\t\t\t\t\t\t<h3 class=\"elementor-icon-box-title\">\n\t\t\t\t\t\t<span  >\n\t\t\t\t\t\t\tQualidade\t\t\t\t\t\t<\/span>\n\t\t\t\t\t<\/h3>\n\t\t\t\t\n\t\t\t\t\t\t\t\t\t<p class=\"elementor-icon-box-description\">\n\t\t\t\t\t\tNossas pe\u00e7as s\u00e3o fabrica\u00e7\u00e3o pr\u00f3pria com o m\u00e1ximo de qualidade.\t\t\t\t\t<\/p>\n\t\t\t\t\n\t\t\t<\/div>\n\t\t\t\n\t\t<\/div>\n\t\t\t\t\t\t<\/div>\n\t\t\t\t<\/div>\n\t\t\t\t<\/div>\n\t\t\t\t\t<\/div>\n\t\t\t\t<\/div>\n\t\t<div class=\"elementor-element elementor-element-4fa4899 e-con-full e-flex e-con e-parent\" data-id=\"4fa4899\" data-element_type=\"container\" data-e-type=\"container\">\n\t\t<div class=\"elementor-element elementor-element-c8f2aa0 e-con-full e-flex e-con e-child\" data-id=\"c8f2aa0\" data-element_type=\"container\" data-e-type=\"container\">\n\t\t\t\t<div class=\"elementor-element elementor-element-9b8d928 elementor-widget elementor-widget-image\" data-id=\"9b8d928\" data-element_type=\"widget\" data-e-type=\"widget\" data-widget_type=\"image.default\">\n\t\t\t\t<div class=\"elementor-widget-container\">\n\t\t\t\t\t\t\t\t\t\t\t\t\t\t\t<img fetchpriority=\"high\" decoding=\"async\" width=\"640\" height=\"480\" src=\"https:\/\/www.aldemar.com.br\/wp-content\/uploads\/2026\/01\/empresa-1024x768.jpeg\" class=\"attachment-large size-large wp-image-1147\" alt=\"\" srcset=\"https:\/\/www.aldemar.com.br\/wp-content\/uploads\/2026\/01\/empresa-1024x768.jpeg 1024w, https:\/\/www.aldemar.com.br\/wp-content\/uploads\/2026\/01\/empresa-300x225.jpeg 300w, https:\/\/www.aldemar.com.br\/wp-content\/uploads\/2026\/01\/empresa-768x576.jpeg 768w, https:\/\/www.aldemar.com.br\/wp-content\/uploads\/2026\/01\/empresa-1536x1152.jpeg 1536w, https:\/\/www.aldemar.com.br\/wp-content\/uploads\/2026\/01\/empresa-255x191.jpeg 255w, https:\/\/www.aldemar.com.br\/wp-content\/uploads\/2026\/01\/empresa-200x150.jpeg 200w, https:\/\/www.aldemar.com.br\/wp-content\/uploads\/2026\/01\/empresa.jpeg 1600w\" sizes=\"(max-width: 640px) 100vw, 640px\" \/>\t\t\t\t\t\t\t\t\t\t\t\t\t\t\t<\/div>\n\t\t\t\t<\/div>\n\t\t\t\t<\/div>\n\t\t<div class=\"elementor-element elementor-element-98e2663 e-con-full e-flex e-con e-child\" data-id=\"98e2663\" data-element_type=\"container\" data-e-type=\"container\">\n\t\t\t\t<div class=\"elementor-element elementor-element-6b47b3a elementor-widget elementor-widget-text-editor\" data-id=\"6b47b3a\" data-element_type=\"widget\" data-e-type=\"widget\" data-widget_type=\"text-editor.default\">\n\t\t\t\t<div class=\"elementor-widget-container\">\n\t\t\t\t\t\t\t\t\t<h3>\u00a0<\/h3><h4><strong>QUEM SOMOS<\/strong><\/h4><h5>Fundada em 1998, em\u00a0 S\u00e3o Paulo, a ind\u00fastria Adelmar veio com o prop\u00f3sito de atuar\u00a0 na fabrica\u00e7\u00e3o de pe\u00e7as para a linha de ve\u00edculos comerciais pesados, caminh\u00f5es e \u00f4nibus. Nossa meta \u00e9 oferecer produtos de qualidade, pre\u00e7os competitivos, e atendimento personalizado, garantindo a satisfa\u00e7\u00e3o de nosso clientes. Agradecemos a todos que confiam em nosso trabalho, e seguimos firmes em evoluir, fortalecer e expandir esses valores que nos movem.<\/h5><h5>\u00a0 \u00a0 \u00a0 \u00a0 \u00a0 \u00a0 \u00a0 \u00a0 \u00a0 <em>Consulte nossos pre\u00e7os<\/em><\/h5><h5>\u00a0 \u00a0 \u00a0 \u00a0 \u00a0 \u00a0 \u00a0 \u00a0 \u00a0 \u00a0 \u00a0 \u00a0 \u00a0 \u00a0 \u00a0 \u00a0<em> Experimente nossos servi\u00e7os\u00a0<\/em><\/h5><h5><em>\u00a0 \u00a0 \u00a0 \u00a0 \u00a0 \u00a0 \u00a0 \u00a0 \u00a0 \u00a0 \u00a0 \u00a0 \u00a0 \u00a0 \u00a0 \u00a0 \u00a0 \u00a0 \u00a0 \u00a0 \u00a0 \u00a0 \u00a0Confira nossa qualidade!<\/em><\/h5>\t\t\t\t\t\t\t\t<\/div>\n\t\t\t\t<\/div>\n\t\t\t\t<div class=\"elementor-element elementor-element-11dfc48 elementor-align-left elementor-widget elementor-widget-button\" data-id=\"11dfc48\" data-element_type=\"widget\" data-e-type=\"widget\" data-widget_type=\"button.default\">\n\t\t\t\t<div class=\"elementor-widget-container\">\n\t\t\t\t\t\t\t\t\t<div class=\"elementor-button-wrapper\">\n\t\t\t\t\t<a class=\"elementor-button elementor-button-link elementor-size-sm\" href=\"https:\/\/www.aldemar.com.br\/index.php\/quem-somos\/\">\n\t\t\t\t\t\t<span class=\"elementor-button-content-wrapper\">\n\t\t\t\t\t\t<span class=\"elementor-button-icon\">\n\t\t\t\t<svg aria-hidden=\"true\" class=\"e-font-icon-svg e-fas-arrow-circle-right\" viewBox=\"0 0 512 512\" xmlns=\"http:\/\/www.w3.org\/2000\/svg\"><path d=\"M256 8c137 0 248 111 248 248S393 504 256 504 8 393 8 256 119 8 256 8zm-28.9 143.6l75.5 72.4H120c-13.3 0-24 10.7-24 24v16c0 13.3 10.7 24 24 24h182.6l-75.5 72.4c-9.7 9.3-9.9 24.8-.4 34.3l11 10.9c9.4 9.4 24.6 9.4 33.9 0L404.3 273c9.4-9.4 9.4-24.6 0-33.9L271.6 106.3c-9.4-9.4-24.6-9.4-33.9 0l-11 10.9c-9.5 9.6-9.3 25.1.4 34.4z\"><\/path><\/svg>\t\t\t<\/span>\n\t\t\t\t\t\t\t\t\t<span class=\"elementor-button-text\">Clique aqui<\/span>\n\t\t\t\t\t<\/span>\n\t\t\t\t\t<\/a>\n\t\t\t\t<\/div>\n\t\t\t\t\t\t\t\t<\/div>\n\t\t\t\t<\/div>\n\t\t\t\t<\/div>\n\t\t\t\t<\/div>\n\t\t<div class=\"elementor-element elementor-element-591ac91 e-flex e-con-boxed e-con e-parent\" data-id=\"591ac91\" data-element_type=\"container\" data-e-type=\"container\">\n\t\t\t\t\t<div class=\"e-con-inner\">\n\t\t\t\t<div class=\"elementor-element elementor-element-1f43094 elementor-widget elementor-widget-stratum-instagram\" data-id=\"1f43094\" data-element_type=\"widget\" data-e-type=\"widget\" data-widget_type=\"stratum-instagram.default\">\n\t\t\t\t<div class=\"elementor-widget-container\">\n\t\t\t\t\t<div class=\"stratum-instagram\">\n\t<div class=\"stratum-instagram__wrapper masonry-grid\">\n\t\t\t\t<div class=\"stratum-instagram__item masonry-item\">\n\t\t\t\t<div class=\"stratum-instagram__media-wrapper\">\n\t\t\t\t\t<a class=\"stratum-instagram__media-link\" target=\"_blank\" href=\"https:\/\/www.instagram.com\/p\/DW7kvpEEVr8\/\">\n\t\t\t\t\t\t\t\t\t\t\t\t\t<img decoding=\"async\" class=\"stratum-instagram__media\" src=\"https:\/\/scontent-lga3-1.cdninstagram.com\/v\/t51.82787-15\/669291596_17878346475556860_7952239168076552268_n.jpg?stp=dst-jpg_e35_tt6&#038;_nc_cat=109&#038;ccb=7-5&#038;_nc_sid=18de74&#038;efg=eyJlZmdfdGFnIjoiRkVFRC5iZXN0X2ltYWdlX3VybGdlbi5DMyJ9&#038;_nc_ohc=kDg8edXJlS4Q7kNvwFLcClI&#038;_nc_oc=Adq2AGNmIVFhrZWHA0SH-iZYxDjXYiG6RAdgDid98srnrSMG2pA2flP8VMK1kJjXuhTekjnHw0Jo0wPWc7rj8vDy&#038;_nc_zt=23&#038;_nc_ht=scontent-lga3-1.cdninstagram.com&#038;edm=ANo9K5cEAAAA&#038;_nc_gid=aRSGiLlmFby5fi8cMG9Kmw&#038;_nc_tpa=Q5bMBQGgoMxlyatCjTvsjNCcSuuJwhu2oEYV-RmYssiysJx6Kryl_cAPS2yVzC1tg56Wtj3oroNBOr3o9w&#038;oh=00_Af32xDguJblUUl6WDBinuIP0g5e7KkLO9fu986US6SiqMA&#038;oe=69F1FC7C\" alt=\"\"\/>\n\t\t\t\t\t\t\t\t\t\t\t<\/a>\n\t\t\t\t<\/div>\n\t\t\t<\/div>\n\t\t\t\t\t<div class=\"stratum-instagram__item masonry-item\">\n\t\t\t\t<div class=\"stratum-instagram__media-wrapper\">\n\t\t\t\t\t<a class=\"stratum-instagram__media-link\" target=\"_blank\" href=\"https:\/\/www.instagram.com\/p\/DVjPOdgEVJO\/\">\n\t\t\t\t\t\t\t\t\t\t\t\t\t<img decoding=\"async\" class=\"stratum-instagram__media\" src=\"https:\/\/scontent-lga3-2.cdninstagram.com\/v\/t51.82787-15\/648891539_17872234962556860_893460055366158712_n.jpg?stp=dst-jpg_e35_tt6&#038;_nc_cat=107&#038;ccb=7-5&#038;_nc_sid=18de74&#038;efg=eyJlZmdfdGFnIjoiQ0FST1VTRUxfSVRFTS5iZXN0X2ltYWdlX3VybGdlbi5DMyJ9&#038;_nc_ohc=J1iE25Epi0gQ7kNvwG4c6mG&#038;_nc_oc=Ado7B69dtIb7ucRaKWbiYjJ6M_q7qxrzFg8CqgLTvzRkQd_oHeXLzX3lTVdS4D9YGP_g4Y0E_KOnZ-hLsVtSTjET&#038;_nc_zt=23&#038;_nc_ht=scontent-lga3-2.cdninstagram.com&#038;edm=ANo9K5cEAAAA&#038;_nc_gid=aRSGiLlmFby5fi8cMG9Kmw&#038;_nc_tpa=Q5bMBQFxVjHf6G1-XMn97JHemEOE-4lJfJeTG49yxmhkG1eSin6hOkuAcP7fnXTVe76XbRbtnkJVwLc8_A&#038;oh=00_Af1vH_HgcHTmxob2HPAJvgyUTr9aIW56wqLk2dUSklAdcg&#038;oe=69F1FF1A\" alt=\"\"\/>\n\t\t\t\t\t\t\t\t\t\t\t<\/a>\n\t\t\t\t<\/div>\n\t\t\t<\/div>\n\t\t\t\t\t<div class=\"stratum-instagram__item masonry-item\">\n\t\t\t\t<div class=\"stratum-instagram__media-wrapper\">\n\t\t\t\t\t<a class=\"stratum-instagram__media-link\" target=\"_blank\" href=\"https:\/\/www.instagram.com\/p\/DVjOw4oEZAZ\/\">\n\t\t\t\t\t\t\t\t\t\t\t\t\t<img decoding=\"async\" class=\"stratum-instagram__media\" src=\"https:\/\/scontent-lga3-3.cdninstagram.com\/v\/t51.82787-15\/648110517_17872234209556860_1652212676101939025_n.jpg?stp=dst-jpg_e35_tt6&#038;_nc_cat=108&#038;ccb=7-5&#038;_nc_sid=18de74&#038;efg=eyJlZmdfdGFnIjoiQ0FST1VTRUxfSVRFTS5iZXN0X2ltYWdlX3VybGdlbi5DMyJ9&#038;_nc_ohc=EZvBoZIlzHUQ7kNvwF2fLRU&#038;_nc_oc=AdqiiskQmBEb1g8uJRrL3kvRNWWRRvpvmnaXlNSP113GFGHm4IdymS69rUU0nt7ftAnceyqHm352uSRyCRzeXShs&#038;_nc_zt=23&#038;_nc_ht=scontent-lga3-3.cdninstagram.com&#038;edm=ANo9K5cEAAAA&#038;_nc_gid=aRSGiLlmFby5fi8cMG9Kmw&#038;_nc_tpa=Q5bMBQElNiunC26Kk2fuHaDjiaEVzmmqfV0w18k6AgJVt2Wg5dzN_KQkzfN6RQ9dtjL6JGhFnVZeEFFdpA&#038;oh=00_Af2NJQoD9ewwdVQ2V75yCHKVYOzCBDlqHrFjjeBdFkYCIA&#038;oe=69F1E8A6\" alt=\"\"\/>\n\t\t\t\t\t\t\t\t\t\t\t<\/a>\n\t\t\t\t<\/div>\n\t\t\t<\/div>\n\t\t\t\t\t<div class=\"stratum-instagram__item masonry-item\">\n\t\t\t\t<div class=\"stratum-instagram__media-wrapper\">\n\t\t\t\t\t<a class=\"stratum-instagram__media-link\" target=\"_blank\" href=\"https:\/\/www.instagram.com\/p\/DVefpqNEbYe\/\">\n\t\t\t\t\t\t\t\t\t\t\t\t\t<img decoding=\"async\" class=\"stratum-instagram__media\" src=\"https:\/\/scontent-lga3-1.cdninstagram.com\/v\/t51.82787-15\/643555409_17871914574556860_8726400444849081905_n.jpg?stp=dst-jpg_e35_tt6&#038;_nc_cat=103&#038;ccb=7-5&#038;_nc_sid=18de74&#038;efg=eyJlZmdfdGFnIjoiQ0FST1VTRUxfSVRFTS5iZXN0X2ltYWdlX3VybGdlbi5DMyJ9&#038;_nc_ohc=BH7zOWX-ZW8Q7kNvwG1rcof&#038;_nc_oc=AdoI4lfsG60zj5HiJDCiVbQMzOMc6nZs12QvJUQx9r5MWaV6ZXYbW2p3C7KGYxO2lbjvLhWEkExInTrIPmN-RS5Y&#038;_nc_zt=23&#038;_nc_ht=scontent-lga3-1.cdninstagram.com&#038;edm=ANo9K5cEAAAA&#038;_nc_gid=aRSGiLlmFby5fi8cMG9Kmw&#038;_nc_tpa=Q5bMBQG-3-EUR7mp4QNVXwBAOcPneJW_yMm-pS_1MkWrI52pz3zt27wQWMXZ_Wjmt2_2LWQNpPoHbIL74g&#038;oh=00_Af10Bpe4AdBMvYtR5iAxvDDNfROmxcOPKZljBuL5ZC234Q&#038;oe=69F1E983\" alt=\"COXIM DO RADIADOR CODIGO ORIGINAL : 2477603 APLICA\u00c7\u00c3O: SCANIA NTG\"\/>\n\t\t\t\t\t\t\t\t\t\t\t<\/a>\n\t\t\t\t<\/div>\n\t\t\t<\/div>\n\t\t\t\t\t<div class=\"stratum-instagram__item masonry-item\">\n\t\t\t\t<div class=\"stratum-instagram__media-wrapper\">\n\t\t\t\t\t<a class=\"stratum-instagram__media-link\" target=\"_blank\" href=\"https:\/\/www.instagram.com\/p\/DVefoTqkebB\/\">\n\t\t\t\t\t\t\t\t\t\t\t\t\t<img decoding=\"async\" class=\"stratum-instagram__media\" src=\"https:\/\/scontent-lga3-2.cdninstagram.com\/v\/t51.82787-15\/645928409_17871914538556860_5411964450457461226_n.jpg?stp=dst-jpg_e35_tt6&#038;_nc_cat=107&#038;ccb=7-5&#038;_nc_sid=18de74&#038;efg=eyJlZmdfdGFnIjoiQ0FST1VTRUxfSVRFTS5iZXN0X2ltYWdlX3VybGdlbi5DMyJ9&#038;_nc_ohc=zL6L4czQBjEQ7kNvwHkk-hI&#038;_nc_oc=Adr26GKQDDl-TvtlQyCx1kpShvl0MWgtkTTz0F-aoBKm4I9HIu3iACXZEl2ThQX1z3dbJixhVACg4hmo6bYjA0Xs&#038;_nc_zt=23&#038;_nc_ht=scontent-lga3-2.cdninstagram.com&#038;edm=ANo9K5cEAAAA&#038;_nc_gid=aRSGiLlmFby5fi8cMG9Kmw&#038;_nc_tpa=Q5bMBQFYefJbJgh3JJKqD5vgFGPMkNugYnY3qs0PXW5sjsVPp_9ReXAYsHcrUcHKkbM_QmM76ern-AN0OQ&#038;oh=00_Af1ZsaASeCXBetrFV7AoReILget2_DS0SXGh28fAK6uVJA&#038;oe=69F1FE49\" alt=\"\"\/>\n\t\t\t\t\t\t\t\t\t\t\t<\/a>\n\t\t\t\t<\/div>\n\t\t\t<\/div>\n\t\t\t\t\t<div class=\"stratum-instagram__item masonry-item\">\n\t\t\t\t<div class=\"stratum-instagram__media-wrapper\">\n\t\t\t\t\t<a class=\"stratum-instagram__media-link\" target=\"_blank\" href=\"https:\/\/www.instagram.com\/p\/DVefmdPEfup\/\">\n\t\t\t\t\t\t\t\t\t\t\t\t\t<img decoding=\"async\" class=\"stratum-instagram__media\" src=\"https:\/\/scontent-lga3-1.cdninstagram.com\/v\/t51.82787-15\/643534761_17871914508556860_929161027130419050_n.jpg?stp=dst-jpg_e35_tt6&#038;_nc_cat=111&#038;ccb=7-5&#038;_nc_sid=18de74&#038;efg=eyJlZmdfdGFnIjoiQ0FST1VTRUxfSVRFTS5iZXN0X2ltYWdlX3VybGdlbi5DMyJ9&#038;_nc_ohc=6erqgOK7It4Q7kNvwElO20S&#038;_nc_oc=AdqdIuXuz8HPbG19AhWQzAqaOpSMqmSqLG_n76BRWhFLfwtEWKm2sSKHlksZnBAVACIuSLxaEiFCkkF7EmCaI4Y0&#038;_nc_zt=23&#038;_nc_ht=scontent-lga3-1.cdninstagram.com&#038;edm=ANo9K5cEAAAA&#038;_nc_gid=aRSGiLlmFby5fi8cMG9Kmw&#038;_nc_tpa=Q5bMBQFirVlNjVFcD8wcFct861N4Y4Z9NuF12Ehse7mj7CcDYHZJgIlW-WXyqdEYEB5i7suwyBLB0XSwEA&#038;oh=00_Af0MJTsn1g9X1t9uy1yNumSisd_UKV0feiHQHjB77oxk9A&#038;oe=69F1FE49\" alt=\"\"\/>\n\t\t\t\t\t\t\t\t\t\t\t<\/a>\n\t\t\t\t<\/div>\n\t\t\t<\/div>\n\t\t\t<\/div>\n<\/div>\n\t\t\t\t<\/div>\n\t\t\t\t<\/div>\n\t\t\t\t\t<\/div>\n\t\t\t\t<\/div>\n\t\t\t\t<\/div>\n\t\t","protected":false},"excerpt":{"rendered":"<p>Atendimento Atendemos nossos clientes com padr\u00e3o e qualidade. Tradi\u00e7\u00e3o Trabalhamos a mais de 25 anos no mercado de fabrica\u00e7\u00e3o de pe\u00e7as. Modernidade Tamb\u00e9m estamos presentes no mercado online. Qualidade Nossas pe\u00e7as s\u00e3o fabrica\u00e7\u00e3o pr\u00f3pria com o m\u00e1ximo de qualidade. \u00a0 QUEM SOMOS Fundada em 1998, em\u00a0 S\u00e3o Paulo, a ind\u00fastria Adelmar veio com o prop\u00f3sito [&hellip;]<\/p>\n","protected":false},"author":1,"featured_media":0,"parent":0,"menu_order":0,"comment_status":"closed","ping_status":"open","template":"","meta":{"_joinchat":[],"footnotes":""},"class_list":["post-2","page","type-page","status-publish","hentry"],"_links":{"self":[{"href":"https:\/\/www.aldemar.com.br\/index.php\/wp-json\/wp\/v2\/pages\/2","targetHints":{"allow":["GET"]}}],"collection":[{"href":"https:\/\/www.aldemar.com.br\/index.php\/wp-json\/wp\/v2\/pages"}],"about":[{"href":"https:\/\/www.aldemar.com.br\/index.php\/wp-json\/wp\/v2\/types\/page"}],"author":[{"embeddable":true,"href":"https:\/\/www.aldemar.com.br\/index.php\/wp-json\/wp\/v2\/users\/1"}],"replies":[{"embeddable":true,"href":"https:\/\/www.aldemar.com.br\/index.php\/wp-json\/wp\/v2\/comments?post=2"}],"version-history":[{"count":99,"href":"https:\/\/www.aldemar.com.br\/index.php\/wp-json\/wp\/v2\/pages\/2\/revisions"}],"predecessor-version":[{"id":1196,"href":"https:\/\/www.aldemar.com.br\/index.php\/wp-json\/wp\/v2\/pages\/2\/revisions\/1196"}],"wp:attachment":[{"href":"https:\/\/www.aldemar.com.br\/index.php\/wp-json\/wp\/v2\/media?parent=2"}],"curies":[{"name":"wp","href":"https:\/\/api.w.org\/{rel}","templated":true}]}}