{"id":66,"date":"2024-03-12T17:24:32","date_gmt":"2024-03-12T20:24:32","guid":{"rendered":"https:\/\/www.aldemar.com.br\/?page_id=66"},"modified":"2026-01-07T16:26:24","modified_gmt":"2026-01-07T19:26:24","slug":"quem-somos","status":"publish","type":"page","link":"https:\/\/www.aldemar.com.br\/index.php\/quem-somos\/","title":{"rendered":"QUEM SOMOS"},"content":{"rendered":"\t\t<div data-elementor-type=\"wp-page\" data-elementor-id=\"66\" class=\"elementor elementor-66\">\n\t\t\t\t<div class=\"elementor-element elementor-element-a12fb74 e-flex e-con-boxed e-con e-parent\" data-id=\"a12fb74\" data-element_type=\"container\" data-e-type=\"container\">\n\t\t\t\t\t<div class=\"e-con-inner\">\n\t\t\t\t<div class=\"elementor-element elementor-element-4912644 elementor-widget elementor-widget-text-editor\" data-id=\"4912644\" data-element_type=\"widget\" data-e-type=\"widget\" data-widget_type=\"text-editor.default\">\n\t\t\t\t<div class=\"elementor-widget-container\">\n\t\t\t\t\t\t\t\t\t<p><em><strong>Fundada em 1998, em\u00a0 S\u00e3o Paulo, a ind\u00fastria Adelmar veio com o prop\u00f3sito de atuar\u00a0 na fabrica\u00e7\u00e3o de pe\u00e7as para a linha de ve\u00edculos comerciais pesados, caminh\u00f5es e \u00f4nibus.<\/strong><\/em> <em><strong>Nossa meta \u00e9 oferecer produtos de qualidade, pre\u00e7os competitivos, e atendimento personalizado, garantindo a satisfa\u00e7\u00e3o de nosso clientes. Agradecemos a todos que confiam em nosso trabalho, e seguimos firmes em evoluir, fortalecer e expandir esses valores que nos movem.<\/strong><\/em><\/p><p style=\"text-align: center;\"><em><strong>Consulte nossos pre\u00e7os<\/strong><\/em><\/p><p style=\"text-align: center;\"><em><strong>Experimente nossos servi\u00e7os<\/strong><\/em><\/p><p style=\"text-align: center;\"><strong>Confira nossa qualidade!<\/strong><\/p>\t\t\t\t\t\t\t\t<\/div>\n\t\t\t\t<\/div>\n\t\t\t\t\t<\/div>\n\t\t\t\t<\/div>\n\t\t\t\t<\/div>\n\t\t","protected":false},"excerpt":{"rendered":"<p>Fundada em 1998, em\u00a0 S\u00e3o Paulo, a ind\u00fastria Adelmar veio com o prop\u00f3sito de atuar\u00a0 na fabrica\u00e7\u00e3o de pe\u00e7as para a linha de ve\u00edculos comerciais pesados, caminh\u00f5es e \u00f4nibus. Nossa meta \u00e9 oferecer produtos de qualidade, pre\u00e7os competitivos, e atendimento personalizado, garantindo a satisfa\u00e7\u00e3o de nosso clientes. Agradecemos a todos que confiam em nosso trabalho, [&hellip;]<\/p>\n","protected":false},"author":1,"featured_media":1147,"parent":0,"menu_order":0,"comment_status":"closed","ping_status":"closed","template":"","meta":{"_joinchat":[],"footnotes":""},"class_list":["post-66","page","type-page","status-publish","has-post-thumbnail","hentry"],"_links":{"self":[{"href":"https:\/\/www.aldemar.com.br\/index.php\/wp-json\/wp\/v2\/pages\/66","targetHints":{"allow":["GET"]}}],"collection":[{"href":"https:\/\/www.aldemar.com.br\/index.php\/wp-json\/wp\/v2\/pages"}],"about":[{"href":"https:\/\/www.aldemar.com.br\/index.php\/wp-json\/wp\/v2\/types\/page"}],"author":[{"embeddable":true,"href":"https:\/\/www.aldemar.com.br\/index.php\/wp-json\/wp\/v2\/users\/1"}],"replies":[{"embeddable":true,"href":"https:\/\/www.aldemar.com.br\/index.php\/wp-json\/wp\/v2\/comments?post=66"}],"version-history":[{"count":37,"href":"https:\/\/www.aldemar.com.br\/index.php\/wp-json\/wp\/v2\/pages\/66\/revisions"}],"predecessor-version":[{"id":1194,"href":"https:\/\/www.aldemar.com.br\/index.php\/wp-json\/wp\/v2\/pages\/66\/revisions\/1194"}],"wp:featuredmedia":[{"embeddable":true,"href":"https:\/\/www.aldemar.com.br\/index.php\/wp-json\/wp\/v2\/media\/1147"}],"wp:attachment":[{"href":"https:\/\/www.aldemar.com.br\/index.php\/wp-json\/wp\/v2\/media?parent=66"}],"curies":[{"name":"wp","href":"https:\/\/api.w.org\/{rel}","templated":true}]}}